{"id":1608,"date":"2022-03-16T16:03:23","date_gmt":"2022-03-16T15:03:23","guid":{"rendered":"https:\/\/synopac.novatask.biz\/que-voulez-vous-faire\/"},"modified":"2022-12-02T17:40:48","modified_gmt":"2022-12-02T16:40:48","slug":"que-voulez-vous-faire","status":"publish","type":"page","link":"https:\/\/synopac.ch\/fr\/que-voulez-vous-faire\/","title":{"rendered":"Que voulez-vous faire ?"},"content":{"rendered":"\t\t<div data-elementor-type=\"wp-page\" data-elementor-id=\"1608\" class=\"elementor elementor-1608 elementor-511\" data-elementor-post-type=\"page\">\n\t\t\t\t\t\t<section class=\"elementor-section elementor-top-section elementor-element elementor-element-1f43004 elementor-section-boxed elementor-section-height-default elementor-section-height-default\" data-id=\"1f43004\" data-element_type=\"section\" data-e-type=\"section\">\n\t\t\t\t\t\t<div class=\"elementor-container elementor-column-gap-default\">\n\t\t\t\t\t<div class=\"elementor-column elementor-col-100 elementor-top-column elementor-element elementor-element-cdfd4cb\" data-id=\"cdfd4cb\" data-element_type=\"column\" data-e-type=\"column\">\n\t\t\t<div class=\"elementor-widget-wrap elementor-element-populated\">\n\t\t\t\t\t\t<div class=\"elementor-element elementor-element-b2baae9 elementor-widget elementor-widget-heading\" data-id=\"b2baae9\" data-element_type=\"widget\" data-e-type=\"widget\" data-widget_type=\"heading.default\">\n\t\t\t\t<div class=\"elementor-widget-container\">\n\t\t\t\t\t<h3 class=\"elementor-heading-title elementor-size-default\">Nous vous proposons nos exp\u00e9riences et connaissances en mati\u00e8re d\u2019emballage et machines d\u2019emballage.<\/h3>\t\t\t\t<\/div>\n\t\t\t\t<\/div>\n\t\t\t\t<div class=\"elementor-element elementor-element-115b1a7 elementor-widget-divider--view-line elementor-widget elementor-widget-divider\" data-id=\"115b1a7\" data-element_type=\"widget\" data-e-type=\"widget\" data-widget_type=\"divider.default\">\n\t\t\t\t<div class=\"elementor-widget-container\">\n\t\t\t\t\t\t\t<div class=\"elementor-divider\">\n\t\t\t<span class=\"elementor-divider-separator\">\n\t\t\t\t\t\t<\/span>\n\t\t<\/div>\n\t\t\t\t\t\t<\/div>\n\t\t\t\t<\/div>\n\t\t\t\t<div class=\"elementor-element elementor-element-d414ce5 elementor-widget elementor-widget-heading\" data-id=\"d414ce5\" data-element_type=\"widget\" data-e-type=\"widget\" data-widget_type=\"heading.default\">\n\t\t\t\t<div class=\"elementor-widget-container\">\n\t\t\t\t\t<h4 class=\"elementor-heading-title elementor-size-default\">Notre but est de trouver pour notre client la meilleure strat\u00e9gie et m\u00e9thode d\u2019emballage<\/h4>\t\t\t\t<\/div>\n\t\t\t\t<\/div>\n\t\t\t\t<div class=\"elementor-element elementor-element-9aff763 elementor-widget elementor-widget-text-editor\" data-id=\"9aff763\" data-element_type=\"widget\" data-e-type=\"widget\" data-widget_type=\"text-editor.default\">\n\t\t\t\t<div class=\"elementor-widget-container\">\n\t\t\t\t\t\t\t\t\t<p>Nous v\u00e9rifions la consistance du produit avec le client. Si l\u2019on produit une consistance stable, on obtient des tol\u00e9rances de remplissage plus faibles. On peut par exemple se passer d&rsquo;un remplissage command\u00e9 par une balance. Une ligne de conditionnement enti\u00e8rement automatis\u00e9e n&rsquo;est pas toujours synonyme de la meilleure solution. Des processus d&#8217;emballage judicieux peuvent \u00eatre partiellement automatis\u00e9s. La pose manuelle de bouchons est, selon le cas de figure, plus \u00e9conomique qu\u2019une solution d\u2019alimentation et de vissage enti\u00e8rement automatis\u00e9e.<br \/>\nParfois, l&rsquo;optimisation de l&#8217;emballage conduit \u00e0 une production moins co\u00fbteuse.<br \/>\nIl existe de nombreux leviers qui permettent d\u2019arriver \u00e0 un concept simple et efficace.<br \/>\nNous pourrons en parler volontiers avec vous.<\/p>\n\t\t\t\t\t\t\t\t<\/div>\n\t\t\t\t<\/div>\n\t\t\t\t\t<\/div>\n\t\t<\/div>\n\t\t\t\t\t<\/div>\n\t\t<\/section>\n\t\t\t\t<\/div>\n\t\t","protected":false},"excerpt":{"rendered":"<p>Nous vous proposons nos exp\u00e9riences et connaissances en mati\u00e8re d\u2019emballage et machines d\u2019emballage. Notre but est de trouver pour notre client la meilleure strat\u00e9gie et m\u00e9thode d\u2019emballage Nous v\u00e9rifions la consistance du produit avec le client. Si l\u2019on produit une consistance stable, on obtient des tol\u00e9rances de remplissage plus faibles. On peut par exemple se [&hellip;]<\/p>\n","protected":false},"author":1,"featured_media":0,"parent":0,"menu_order":0,"comment_status":"closed","ping_status":"closed","template":"","meta":{"_acf_changed":false,"footnotes":""},"class_list":["post-1608","page","type-page","status-publish","hentry"],"acf":[],"_links":{"self":[{"href":"https:\/\/synopac.ch\/fr\/wp-json\/wp\/v2\/pages\/1608","targetHints":{"allow":["GET"]}}],"collection":[{"href":"https:\/\/synopac.ch\/fr\/wp-json\/wp\/v2\/pages"}],"about":[{"href":"https:\/\/synopac.ch\/fr\/wp-json\/wp\/v2\/types\/page"}],"author":[{"embeddable":true,"href":"https:\/\/synopac.ch\/fr\/wp-json\/wp\/v2\/users\/1"}],"replies":[{"embeddable":true,"href":"https:\/\/synopac.ch\/fr\/wp-json\/wp\/v2\/comments?post=1608"}],"version-history":[{"count":1,"href":"https:\/\/synopac.ch\/fr\/wp-json\/wp\/v2\/pages\/1608\/revisions"}],"predecessor-version":[{"id":1609,"href":"https:\/\/synopac.ch\/fr\/wp-json\/wp\/v2\/pages\/1608\/revisions\/1609"}],"wp:attachment":[{"href":"https:\/\/synopac.ch\/fr\/wp-json\/wp\/v2\/media?parent=1608"}],"curies":[{"name":"wp","href":"https:\/\/api.w.org\/{rel}","templated":true}]}}