{"id":1613,"date":"2022-03-16T16:03:37","date_gmt":"2022-03-16T15:03:37","guid":{"rendered":"https:\/\/synopac.novatask.biz\/que-voulez-vous-faire\/boucer\/"},"modified":"2023-12-08T12:16:34","modified_gmt":"2023-12-08T11:16:34","slug":"boucher","status":"publish","type":"page","link":"https:\/\/synopac.ch\/fr\/que-voulez-vous-faire\/boucher\/","title":{"rendered":"Boucher"},"content":{"rendered":"\t\t<div data-elementor-type=\"wp-page\" data-elementor-id=\"1613\" class=\"elementor elementor-1613 elementor-513\" data-elementor-post-type=\"page\">\n\t\t\t\t\t\t<section class=\"elementor-section elementor-top-section elementor-element elementor-element-90b0fc3 elementor-section-boxed elementor-section-height-default elementor-section-height-default\" data-id=\"90b0fc3\" data-element_type=\"section\">\n\t\t\t\t\t\t<div class=\"elementor-container elementor-column-gap-default\">\n\t\t\t\t\t<div class=\"elementor-column elementor-col-100 elementor-top-column elementor-element elementor-element-457074c\" data-id=\"457074c\" data-element_type=\"column\">\n\t\t\t<div class=\"elementor-widget-wrap elementor-element-populated\">\n\t\t\t\t\t\t<div class=\"elementor-element elementor-element-4003772 elementor-widget elementor-widget-heading\" data-id=\"4003772\" data-element_type=\"widget\" data-widget_type=\"heading.default\">\n\t\t\t\t<div class=\"elementor-widget-container\">\n\t\t\t\t\t<h2 class=\"elementor-heading-title elementor-size-default\">Boucher<\/h2>\t\t\t\t<\/div>\n\t\t\t\t<\/div>\n\t\t\t\t\t<\/div>\n\t\t<\/div>\n\t\t\t\t\t<\/div>\n\t\t<\/section>\n\t\t\t\t<section class=\"elementor-section elementor-top-section elementor-element elementor-element-f889c23 elementor-section-boxed elementor-section-height-default elementor-section-height-default\" data-id=\"f889c23\" data-element_type=\"section\">\n\t\t\t\t\t\t<div class=\"elementor-container elementor-column-gap-default\">\n\t\t\t\t\t<div class=\"elementor-column elementor-col-100 elementor-top-column elementor-element elementor-element-020444b\" data-id=\"020444b\" data-element_type=\"column\">\n\t\t\t<div class=\"elementor-widget-wrap elementor-element-populated\">\n\t\t\t\t\t\t<div class=\"elementor-element elementor-element-fc4bec0 elementor-widget elementor-widget-heading\" data-id=\"fc4bec0\" data-element_type=\"widget\" data-widget_type=\"heading.default\">\n\t\t\t\t<div class=\"elementor-widget-container\">\n\t\t\t\t\t<h3 class=\"elementor-heading-title elementor-size-default\">Nous avons la solution adapt\u00e9e \u00e0 chaque type de fermeture<\/h3>\t\t\t\t<\/div>\n\t\t\t\t<\/div>\n\t\t\t\t\t<\/div>\n\t\t<\/div>\n\t\t\t\t\t<\/div>\n\t\t<\/section>\n\t\t\t\t<section class=\"elementor-section elementor-top-section elementor-element elementor-element-458cd6c elementor-section-boxed elementor-section-height-default elementor-section-height-default\" data-id=\"458cd6c\" data-element_type=\"section\">\n\t\t\t\t\t\t<div class=\"elementor-container elementor-column-gap-default\">\n\t\t\t\t\t<div class=\"elementor-column elementor-col-100 elementor-top-column elementor-element elementor-element-d604d29\" data-id=\"d604d29\" data-element_type=\"column\">\n\t\t\t<div class=\"elementor-widget-wrap elementor-element-populated\">\n\t\t\t\t\t\t<div class=\"elementor-element elementor-element-e6ec9ce elementor-widget elementor-widget-text-editor\" data-id=\"e6ec9ce\" data-element_type=\"widget\" data-widget_type=\"text-editor.default\">\n\t\t\t\t<div class=\"elementor-widget-container\">\n\t\t\t\t\t\t\t\t\t<p>Qu\u2019il s\u2019agisse d\u2019un bouchon \u00e0 visser, une fermeture \u00e0 enfoncer, d\u2019un couvercle \u00e0 cliquer, d\u2019une capsule en aluminium ou d\u2019une pompe, la fonction principale doit avant tout \u00eatre d\u2019assurer une \u00e9tanch\u00e9it\u00e9 fiable. Cette s\u00e9curit\u00e9, nous la donnons avec nos diff\u00e9rentes techniques de fermeture.<\/p>\n<p>Dans un premier temps, nous contr\u00f4lons les pi\u00e8ces d\u2019emballage. Ensuite, mous effectuons des essais dans notre laboratoire avec des machines de fermeture adapt\u00e9es. Pour pouvoir d\u00e9terminer le dispositif ou la machine optimale, nous avons besoin d\u2019informations de la part du client sur la taille des charges et les heures d\u2019utilisation par an. Sur cette base, nous proposons des dispositifs de vissage, de sertissage ou de rebondissement ainsi que des machines enti\u00e8rement automatiques.<\/p>\n<p>La condition pr\u00e9alable est que la fermeture et le r\u00e9cipient fonctionnent ensemble. Gr\u00e2ce \u00e0 notre soci\u00e9t\u00e9 s\u0153ur Flaigg.ch, nous pouvons nous appuyer sur une exp\u00e9rience \u00e9prouv\u00e9e dans ce domaine. Nous aidons nos clients \u00e0 optimiser les emballages pour que l\u2019interaction entre l\u2019emballage et le dispositif de fermeture soit s\u00fbre.<\/p>\n<p>\u00c0 l\u2019origine, nous avons d\u00e9velopp\u00e9 nos sertisseuses Table Top et nos visseuses pour l\u2019industrie pharmaceutique. La marque FERMPRESS pour les machines de sertissage, est connue dans le monde depuis les ann\u00e9es 50.<\/p>\n<p>Aujourd\u2019hui, nous proposons des machines de fermeture adapt\u00e9es aux besoins des clients pour l\u2019industrie alimentaire, cosm\u00e9tique, chimique et pharmaceutique. Outre les machines semi-automatiques, nous construisons des machines de vissage sur des \u00e9tiqueteuses. Nous fabriquons des machines \u00e0 sertir et \u00e0 border FERMPRESS enti\u00e8rement automatiques et les combinons avec des pompes de remplissage p\u00e9ristaltiques. Ou nous int\u00e9grons des machines de vissage enti\u00e8rement automatiques dans de grandes lignes de conditionnement.<\/p>\n<p>Dans notre showroom, nous vous montrerons volontiers les diff\u00e9rentes possibilit\u00e9s d\u2019emballage.<\/p>\n\t\t\t\t\t\t\t\t<\/div>\n\t\t\t\t<\/div>\n\t\t\t\t\t<\/div>\n\t\t<\/div>\n\t\t\t\t\t<\/div>\n\t\t<\/section>\n\t\t\t\t<section class=\"elementor-section elementor-top-section elementor-element elementor-element-5750f72 elementor-section-boxed elementor-section-height-default elementor-section-height-default\" data-id=\"5750f72\" data-element_type=\"section\">\n\t\t\t\t\t\t<div class=\"elementor-container elementor-column-gap-default\">\n\t\t\t\t\t<div class=\"elementor-column elementor-col-100 elementor-top-column elementor-element elementor-element-c7680a2\" data-id=\"c7680a2\" data-element_type=\"column\">\n\t\t\t<div class=\"elementor-widget-wrap elementor-element-populated\">\n\t\t\t\t\t\t<div class=\"elementor-element elementor-element-a9ee145 elementor-align-left elementor-widget elementor-widget-button\" data-id=\"a9ee145\" data-element_type=\"widget\" data-widget_type=\"button.default\">\n\t\t\t\t<div class=\"elementor-widget-container\">\n\t\t\t\t\t\t\t\t\t<div class=\"elementor-button-wrapper\">\n\t\t\t\t\t<a class=\"elementor-button elementor-button-link elementor-size-sm\" href=\"https:\/\/synopac.ch\/fr\/kategorie\/machines-demballage\/machines-a-boucher\/\">\n\t\t\t\t\t\t<span class=\"elementor-button-content-wrapper\">\n\t\t\t\t\t\t\t\t\t<span class=\"elementor-button-text\">Machines de fermeture<\/span>\n\t\t\t\t\t<\/span>\n\t\t\t\t\t<\/a>\n\t\t\t\t<\/div>\n\t\t\t\t\t\t\t\t<\/div>\n\t\t\t\t<\/div>\n\t\t\t\t\t<\/div>\n\t\t<\/div>\n\t\t\t\t\t<\/div>\n\t\t<\/section>\n\t\t\t\t<\/div>\n\t\t","protected":false},"excerpt":{"rendered":"<p>Nous avons la solution adapt\u00e9e \u00e0 chaque type de fermeture Qu\u2019il s\u2019agisse d\u2019un bouchon \u00e0 visser, une fermeture \u00e0 enfoncer, d\u2019un couvercle \u00e0 cliquer, d\u2019une capsule en aluminium ou d\u2019une pompe, la fonction principale doit avant tout \u00eatre d\u2019assurer une \u00e9tanch\u00e9it\u00e9 fiable. Cette s\u00e9curit\u00e9, nous la donnons avec nos diff\u00e9rentes techniques de fermeture. Dans un [&hellip;]<\/p>\n","protected":false},"author":1,"featured_media":0,"parent":1608,"menu_order":0,"comment_status":"closed","ping_status":"closed","template":"","meta":{"_acf_changed":false,"footnotes":""},"class_list":["post-1613","page","type-page","status-publish","hentry"],"acf":[],"_links":{"self":[{"href":"https:\/\/synopac.ch\/fr\/wp-json\/wp\/v2\/pages\/1613","targetHints":{"allow":["GET"]}}],"collection":[{"href":"https:\/\/synopac.ch\/fr\/wp-json\/wp\/v2\/pages"}],"about":[{"href":"https:\/\/synopac.ch\/fr\/wp-json\/wp\/v2\/types\/page"}],"author":[{"embeddable":true,"href":"https:\/\/synopac.ch\/fr\/wp-json\/wp\/v2\/users\/1"}],"replies":[{"embeddable":true,"href":"https:\/\/synopac.ch\/fr\/wp-json\/wp\/v2\/comments?post=1613"}],"version-history":[{"count":10,"href":"https:\/\/synopac.ch\/fr\/wp-json\/wp\/v2\/pages\/1613\/revisions"}],"predecessor-version":[{"id":2001,"href":"https:\/\/synopac.ch\/fr\/wp-json\/wp\/v2\/pages\/1613\/revisions\/2001"}],"up":[{"embeddable":true,"href":"https:\/\/synopac.ch\/fr\/wp-json\/wp\/v2\/pages\/1608"}],"wp:attachment":[{"href":"https:\/\/synopac.ch\/fr\/wp-json\/wp\/v2\/media?parent=1613"}],"curies":[{"name":"wp","href":"https:\/\/api.w.org\/{rel}","templated":true}]}}