{"id":1615,"date":"2022-03-16T16:03:45","date_gmt":"2022-03-16T15:03:45","guid":{"rendered":"https:\/\/synopac.novatask.biz\/que-voulez-vous-faire\/etiqueter\/"},"modified":"2022-12-09T09:14:10","modified_gmt":"2022-12-09T08:14:10","slug":"etiqueter","status":"publish","type":"page","link":"https:\/\/synopac.ch\/fr\/que-voulez-vous-faire\/etiqueter\/","title":{"rendered":"\u00c9tiqueter"},"content":{"rendered":"\t\t<div data-elementor-type=\"wp-page\" data-elementor-id=\"1615\" class=\"elementor elementor-1615 elementor-514\" data-elementor-post-type=\"page\">\n\t\t\t\t\t\t<section class=\"elementor-section elementor-top-section elementor-element elementor-element-cfc0d4c elementor-section-boxed elementor-section-height-default elementor-section-height-default\" data-id=\"cfc0d4c\" data-element_type=\"section\" data-e-type=\"section\">\n\t\t\t\t\t\t<div class=\"elementor-container elementor-column-gap-default\">\n\t\t\t\t\t<div class=\"elementor-column elementor-col-100 elementor-top-column elementor-element elementor-element-1da0cf4\" data-id=\"1da0cf4\" data-element_type=\"column\" data-e-type=\"column\">\n\t\t\t<div class=\"elementor-widget-wrap elementor-element-populated\">\n\t\t\t\t\t\t<div class=\"elementor-element elementor-element-2ca3a1f elementor-widget elementor-widget-heading\" data-id=\"2ca3a1f\" data-element_type=\"widget\" data-e-type=\"widget\" data-widget_type=\"heading.default\">\n\t\t\t\t<div class=\"elementor-widget-container\">\n\t\t\t\t\t<h2 class=\"elementor-heading-title elementor-size-default\">\u00c9tiqueter<\/h2>\t\t\t\t<\/div>\n\t\t\t\t<\/div>\n\t\t\t\t\t<\/div>\n\t\t<\/div>\n\t\t\t\t\t<\/div>\n\t\t<\/section>\n\t\t\t\t<section class=\"elementor-section elementor-top-section elementor-element elementor-element-6491766 elementor-section-boxed elementor-section-height-default elementor-section-height-default\" data-id=\"6491766\" data-element_type=\"section\" data-e-type=\"section\">\n\t\t\t\t\t\t<div class=\"elementor-container elementor-column-gap-default\">\n\t\t\t\t\t<div class=\"elementor-column elementor-col-100 elementor-top-column elementor-element elementor-element-2781c67\" data-id=\"2781c67\" data-element_type=\"column\" data-e-type=\"column\">\n\t\t\t<div class=\"elementor-widget-wrap elementor-element-populated\">\n\t\t\t\t\t\t<div class=\"elementor-element elementor-element-de16cf3 elementor-widget elementor-widget-heading\" data-id=\"de16cf3\" data-element_type=\"widget\" data-e-type=\"widget\" data-widget_type=\"heading.default\">\n\t\t\t\t<div class=\"elementor-widget-container\">\n\t\t\t\t\t<h3 class=\"elementor-heading-title elementor-size-default\">Etiquetage de r\u00e9cipients cylindriques, rectangulaires, coniques, plats et\/ou ovales<\/h3>\t\t\t\t<\/div>\n\t\t\t\t<\/div>\n\t\t\t\t\t<\/div>\n\t\t<\/div>\n\t\t\t\t\t<\/div>\n\t\t<\/section>\n\t\t\t\t<section class=\"elementor-section elementor-top-section elementor-element elementor-element-178bba4 elementor-section-boxed elementor-section-height-default elementor-section-height-default\" data-id=\"178bba4\" data-element_type=\"section\" data-e-type=\"section\">\n\t\t\t\t\t\t<div class=\"elementor-container elementor-column-gap-default\">\n\t\t\t\t\t<div class=\"elementor-column elementor-col-100 elementor-top-column elementor-element elementor-element-133f41d\" data-id=\"133f41d\" data-element_type=\"column\" data-e-type=\"column\">\n\t\t\t<div class=\"elementor-widget-wrap elementor-element-populated\">\n\t\t\t\t\t\t<div class=\"elementor-element elementor-element-6a3f0ad elementor-widget elementor-widget-text-editor\" data-id=\"6a3f0ad\" data-element_type=\"widget\" data-e-type=\"widget\" data-widget_type=\"text-editor.default\">\n\t\t\t\t<div class=\"elementor-widget-container\">\n\t\t\t\t\t\t\t\t\t<p>Pour les petites quantit\u00e9s, la question se pose de savoir si l\u2019\u00e9tiquette autocollante doit \u00eatre appliqu\u00e9e \u00e0 la main ou \u00e0 la machine. Si la forme et la taille de l\u2019\u00e9tiquette permettent une application facile, la variante manuelle est g\u00e9n\u00e9ralement plus \u00e9conomique.<br \/>\nMais d\u00e8s que l&rsquo;on doit r\u00e9guli\u00e8rement d\u00e9coller l&rsquo;\u00e9tiquette pli\u00e9e, nous recommandons d&rsquo;envisager l&rsquo;achat d&rsquo;une petite \u00e9tiqueteuse.<\/p>\n<p>Les machines d\u2019\u00e9tiquetage automatiques simples, comme la L-402 \u00e0 prix attractif, sont g\u00e9n\u00e9ralement utiles apr\u00e8s l\u2019op\u00e9ration de bouchonnage manuelle ou semi-automatique. Cela permet d\u2019\u00e9conomiser une personne pour l\u2019\u00e9tiquetage et d\u2019augmenter le rendement horaire. De plus la L-402 peut \u00eatre \u00e9quip\u00e9e d\u2019une imprimante jet d\u2019encre pour une impression de la date et du num\u00e9ro de lot sur l\u2019\u00e9tiquette.<\/p>\n<p>Une variante consiste \u00e0 combiner le bouchage de contenants avec une solution d\u2019\u00e9tiquetage. Une solution tr\u00e8s int\u00e9ressante que nous vous proposons de vous pr\u00e9senter.<\/p>\n<p>Pour les conditionneurs ou plus petites machines qui \u00e9tiquettent souvent des emballages ovales, carr\u00e9s et cylindriques, nous recommandons l\u2019\u00e9tiqueteuse combin\u00e9e L-405. Celle-ci peut \u00eatre utilis\u00e9e comme machine autonome ou en ligne.<\/p>\n<p>Nous prenons toujours en consid\u00e9ration l\u2019ensemble d\u2019un processus de production. Sur cette base, nous composons la solution la plus optimale pour le client. Cela inclut \u00e9galement un \u00e9ventuel financement.<\/p>\n\t\t\t\t\t\t\t\t<\/div>\n\t\t\t\t<\/div>\n\t\t\t\t\t<\/div>\n\t\t<\/div>\n\t\t\t\t\t<\/div>\n\t\t<\/section>\n\t\t\t\t<section class=\"elementor-section elementor-top-section elementor-element elementor-element-ab9b0b8 elementor-section-boxed elementor-section-height-default elementor-section-height-default\" data-id=\"ab9b0b8\" data-element_type=\"section\" data-e-type=\"section\">\n\t\t\t\t\t\t<div class=\"elementor-container elementor-column-gap-default\">\n\t\t\t\t\t<div class=\"elementor-column elementor-col-100 elementor-top-column elementor-element elementor-element-5314023\" data-id=\"5314023\" data-element_type=\"column\" data-e-type=\"column\">\n\t\t\t<div class=\"elementor-widget-wrap elementor-element-populated\">\n\t\t\t\t\t\t<div class=\"elementor-element elementor-element-c15e5b1 elementor-align-left elementor-widget elementor-widget-button\" data-id=\"c15e5b1\" data-element_type=\"widget\" data-e-type=\"widget\" data-widget_type=\"button.default\">\n\t\t\t\t<div class=\"elementor-widget-container\">\n\t\t\t\t\t\t\t\t\t<div class=\"elementor-button-wrapper\">\n\t\t\t\t\t<a class=\"elementor-button elementor-button-link elementor-size-sm\" href=\"https:\/\/synopac.ch\/fr\/kategorie\/machines-demballage\/etiqueteuses\/\">\n\t\t\t\t\t\t<span class=\"elementor-button-content-wrapper\">\n\t\t\t\t\t\t\t\t\t<span class=\"elementor-button-text\">Etiqueteuses<\/span>\n\t\t\t\t\t<\/span>\n\t\t\t\t\t<\/a>\n\t\t\t\t<\/div>\n\t\t\t\t\t\t\t\t<\/div>\n\t\t\t\t<\/div>\n\t\t\t\t\t<\/div>\n\t\t<\/div>\n\t\t\t\t\t<\/div>\n\t\t<\/section>\n\t\t\t\t<\/div>\n\t\t","protected":false},"excerpt":{"rendered":"<p>Etiquetage de r\u00e9cipients cylindriques, rectangulaires, coniques, plats et\/ou ovales Pour les petites quantit\u00e9s, la question se pose de savoir si l\u2019\u00e9tiquette autocollante doit \u00eatre appliqu\u00e9e \u00e0 la main ou \u00e0 la machine. Si la forme et la taille de l\u2019\u00e9tiquette permettent une application facile, la variante manuelle est g\u00e9n\u00e9ralement plus \u00e9conomique. Mais d\u00e8s que l&rsquo;on [&hellip;]<\/p>\n","protected":false},"author":1,"featured_media":0,"parent":1608,"menu_order":0,"comment_status":"closed","ping_status":"closed","template":"","meta":{"_acf_changed":false,"footnotes":""},"class_list":["post-1615","page","type-page","status-publish","hentry"],"acf":[],"_links":{"self":[{"href":"https:\/\/synopac.ch\/fr\/wp-json\/wp\/v2\/pages\/1615","targetHints":{"allow":["GET"]}}],"collection":[{"href":"https:\/\/synopac.ch\/fr\/wp-json\/wp\/v2\/pages"}],"about":[{"href":"https:\/\/synopac.ch\/fr\/wp-json\/wp\/v2\/types\/page"}],"author":[{"embeddable":true,"href":"https:\/\/synopac.ch\/fr\/wp-json\/wp\/v2\/users\/1"}],"replies":[{"embeddable":true,"href":"https:\/\/synopac.ch\/fr\/wp-json\/wp\/v2\/comments?post=1615"}],"version-history":[{"count":5,"href":"https:\/\/synopac.ch\/fr\/wp-json\/wp\/v2\/pages\/1615\/revisions"}],"predecessor-version":[{"id":1665,"href":"https:\/\/synopac.ch\/fr\/wp-json\/wp\/v2\/pages\/1615\/revisions\/1665"}],"up":[{"embeddable":true,"href":"https:\/\/synopac.ch\/fr\/wp-json\/wp\/v2\/pages\/1608"}],"wp:attachment":[{"href":"https:\/\/synopac.ch\/fr\/wp-json\/wp\/v2\/media?parent=1615"}],"curies":[{"name":"wp","href":"https:\/\/api.w.org\/{rel}","templated":true}]}}