{"id":1617,"date":"2022-03-16T16:03:50","date_gmt":"2022-03-16T15:03:50","guid":{"rendered":"https:\/\/synopac.novatask.biz\/que-voulez-vous-faire\/scellage\/"},"modified":"2023-12-08T12:02:34","modified_gmt":"2023-12-08T11:02:34","slug":"sceller","status":"publish","type":"page","link":"https:\/\/synopac.ch\/fr\/que-voulez-vous-faire\/sceller\/","title":{"rendered":"Sceller"},"content":{"rendered":"\t\t<div data-elementor-type=\"wp-page\" data-elementor-id=\"1617\" class=\"elementor elementor-1617 elementor-515\" data-elementor-post-type=\"page\">\n\t\t\t\t\t\t<section class=\"elementor-section elementor-top-section elementor-element elementor-element-8c33910 elementor-section-boxed elementor-section-height-default elementor-section-height-default\" data-id=\"8c33910\" data-element_type=\"section\" data-e-type=\"section\">\n\t\t\t\t\t\t<div class=\"elementor-container elementor-column-gap-default\">\n\t\t\t\t\t<div class=\"elementor-column elementor-col-100 elementor-top-column elementor-element elementor-element-871d64a\" data-id=\"871d64a\" data-element_type=\"column\" data-e-type=\"column\">\n\t\t\t<div class=\"elementor-widget-wrap elementor-element-populated\">\n\t\t\t\t\t\t<div class=\"elementor-element elementor-element-8c43c10 elementor-widget elementor-widget-heading\" data-id=\"8c43c10\" data-element_type=\"widget\" data-e-type=\"widget\" data-widget_type=\"heading.default\">\n\t\t\t\t<div class=\"elementor-widget-container\">\n\t\t\t\t\t<h2 class=\"elementor-heading-title elementor-size-default\">Le scellage : Scellage par induction ou par conduction ?<\/h2>\t\t\t\t<\/div>\n\t\t\t\t<\/div>\n\t\t\t\t\t<\/div>\n\t\t<\/div>\n\t\t\t\t\t<\/div>\n\t\t<\/section>\n\t\t\t\t<section class=\"elementor-section elementor-top-section elementor-element elementor-element-f4bc908 elementor-section-boxed elementor-section-height-default elementor-section-height-default\" data-id=\"f4bc908\" data-element_type=\"section\" data-e-type=\"section\">\n\t\t\t\t\t\t<div class=\"elementor-container elementor-column-gap-default\">\n\t\t\t\t\t<div class=\"elementor-column elementor-col-100 elementor-top-column elementor-element elementor-element-4de24b0\" data-id=\"4de24b0\" data-element_type=\"column\" data-e-type=\"column\">\n\t\t\t<div class=\"elementor-widget-wrap elementor-element-populated\">\n\t\t\t\t\t\t<div class=\"elementor-element elementor-element-5f12f7c elementor-widget elementor-widget-heading\" data-id=\"5f12f7c\" data-element_type=\"widget\" data-e-type=\"widget\" data-widget_type=\"heading.default\">\n\t\t\t\t<div class=\"elementor-widget-container\">\n\t\t\t\t\t<h3 class=\"elementor-heading-title elementor-size-default\">Scellage sans contact ou avec contact ? Qu\u2019est ce qui est le plus judicieux ?<\/h3>\t\t\t\t<\/div>\n\t\t\t\t<\/div>\n\t\t\t\t\t<\/div>\n\t\t<\/div>\n\t\t\t\t\t<\/div>\n\t\t<\/section>\n\t\t\t\t<section class=\"elementor-section elementor-top-section elementor-element elementor-element-623fd61 elementor-section-boxed elementor-section-height-default elementor-section-height-default\" data-id=\"623fd61\" data-element_type=\"section\" data-e-type=\"section\">\n\t\t\t\t\t\t<div class=\"elementor-container elementor-column-gap-default\">\n\t\t\t\t\t<div class=\"elementor-column elementor-col-100 elementor-top-column elementor-element elementor-element-82c1e9a\" data-id=\"82c1e9a\" data-element_type=\"column\" data-e-type=\"column\">\n\t\t\t<div class=\"elementor-widget-wrap elementor-element-populated\">\n\t\t\t\t\t\t<div class=\"elementor-element elementor-element-7a4d8b3 elementor-widget elementor-widget-text-editor\" data-id=\"7a4d8b3\" data-element_type=\"widget\" data-e-type=\"widget\" data-widget_type=\"text-editor.default\">\n\t\t\t\t<div class=\"elementor-widget-container\">\n\t\t\t\t\t\t\t\t\t<p>Dans les cas du scellage sans contact, l\u2019opercule de garantie de premi\u00e8re ouverture est d\u00e9j\u00e0 mont\u00e9 dans le bouchon. Il suffit de placer la capsule ou le bouchon sur le contenant et de le fermer. On \u00e9conomise ainsi une op\u00e9ration. Pour ce principe, nous proposons de petites scelleuses avec poign\u00e9e. Pour les s\u00e9ries plus importantes, nous avons dans notre programme de livraison des tunnels de scellage automatiques, refroidies par air ou par eau. Les contenants \u00e0 sceller passent sous le tunnel \u00e0 induction \u00e0 l\u2019aide d\u2019un convoyeur.<\/p><p>Le thermo scellage par contact est un principe utilis\u00e9 dans l\u2019industrie cosm\u00e9tique et alimentaire pour les cr\u00e8mes. Une application classique est le scellage des membranes d\u2019aluminium sur des pots en verre. Pour les machines conductrices, il faut pr\u00e9voir des co\u00fbts d\u2019investissement et d\u2019exploitation plus \u00e9lev\u00e9s que celles avec principe d\u2019induction.<\/p><p>Le choix de la variante d\u00e9pend en fin de compte de la quantit\u00e9 \u00e0 traiter et de l\u2019aspect que doit avoir votre emballage pour le consommateur final.<\/p>\t\t\t\t\t\t\t\t<\/div>\n\t\t\t\t<\/div>\n\t\t\t\t\t<\/div>\n\t\t<\/div>\n\t\t\t\t\t<\/div>\n\t\t<\/section>\n\t\t\t\t<section class=\"elementor-section elementor-top-section elementor-element elementor-element-ab7d24e elementor-section-boxed elementor-section-height-default elementor-section-height-default\" data-id=\"ab7d24e\" data-element_type=\"section\" data-e-type=\"section\">\n\t\t\t\t\t\t<div class=\"elementor-container elementor-column-gap-default\">\n\t\t\t\t\t<div class=\"elementor-column elementor-col-100 elementor-top-column elementor-element elementor-element-72fa406\" data-id=\"72fa406\" data-element_type=\"column\" data-e-type=\"column\">\n\t\t\t<div class=\"elementor-widget-wrap elementor-element-populated\">\n\t\t\t\t\t\t<div class=\"elementor-element elementor-element-fee628f elementor-align-left elementor-widget elementor-widget-button\" data-id=\"fee628f\" data-element_type=\"widget\" data-e-type=\"widget\" data-widget_type=\"button.default\">\n\t\t\t\t<div class=\"elementor-widget-container\">\n\t\t\t\t\t\t\t\t\t<div class=\"elementor-button-wrapper\">\n\t\t\t\t\t<a class=\"elementor-button elementor-button-link elementor-size-sm\" href=\"https:\/\/synopac.ch\/fr\/kategorie\/machines-demballage\/machines-de-scellage\/\">\n\t\t\t\t\t\t<span class=\"elementor-button-content-wrapper\">\n\t\t\t\t\t\t\t\t\t<span class=\"elementor-button-text\">Machines de scellage<\/span>\n\t\t\t\t\t<\/span>\n\t\t\t\t\t<\/a>\n\t\t\t\t<\/div>\n\t\t\t\t\t\t\t\t<\/div>\n\t\t\t\t<\/div>\n\t\t\t\t\t<\/div>\n\t\t<\/div>\n\t\t\t\t\t<\/div>\n\t\t<\/section>\n\t\t\t\t<\/div>\n\t\t","protected":false},"excerpt":{"rendered":"<p>Le scellage : Scellage par induction ou par conduction ? Scellage sans contact ou avec contact ? Qu\u2019est ce qui est le plus judicieux ? Dans les cas du scellage sans contact, l\u2019opercule de garantie de premi\u00e8re ouverture est d\u00e9j\u00e0 mont\u00e9 dans le bouchon. Il suffit de placer la capsule ou le bouchon sur le [&hellip;]<\/p>\n","protected":false},"author":1,"featured_media":0,"parent":1608,"menu_order":0,"comment_status":"closed","ping_status":"closed","template":"","meta":{"_acf_changed":false,"footnotes":""},"class_list":["post-1617","page","type-page","status-publish","hentry"],"acf":[],"_links":{"self":[{"href":"https:\/\/synopac.ch\/fr\/wp-json\/wp\/v2\/pages\/1617","targetHints":{"allow":["GET"]}}],"collection":[{"href":"https:\/\/synopac.ch\/fr\/wp-json\/wp\/v2\/pages"}],"about":[{"href":"https:\/\/synopac.ch\/fr\/wp-json\/wp\/v2\/types\/page"}],"author":[{"embeddable":true,"href":"https:\/\/synopac.ch\/fr\/wp-json\/wp\/v2\/users\/1"}],"replies":[{"embeddable":true,"href":"https:\/\/synopac.ch\/fr\/wp-json\/wp\/v2\/comments?post=1617"}],"version-history":[{"count":15,"href":"https:\/\/synopac.ch\/fr\/wp-json\/wp\/v2\/pages\/1617\/revisions"}],"predecessor-version":[{"id":1996,"href":"https:\/\/synopac.ch\/fr\/wp-json\/wp\/v2\/pages\/1617\/revisions\/1996"}],"up":[{"embeddable":true,"href":"https:\/\/synopac.ch\/fr\/wp-json\/wp\/v2\/pages\/1608"}],"wp:attachment":[{"href":"https:\/\/synopac.ch\/fr\/wp-json\/wp\/v2\/media?parent=1617"}],"curies":[{"name":"wp","href":"https:\/\/api.w.org\/{rel}","templated":true}]}}