{"id":1621,"date":"2022-03-16T16:04:10","date_gmt":"2022-03-16T15:04:10","guid":{"rendered":"https:\/\/synopac.novatask.biz\/que-voulez-vous-faire\/air-comprime\/"},"modified":"2023-12-08T12:04:55","modified_gmt":"2023-12-08T11:04:55","slug":"air-comprime","status":"publish","type":"page","link":"https:\/\/synopac.ch\/fr\/que-voulez-vous-faire\/air-comprime\/","title":{"rendered":"G\u00e9n\u00e9rer de l&rsquo;air comprim\u00e9"},"content":{"rendered":"\t\t<div data-elementor-type=\"wp-page\" data-elementor-id=\"1621\" class=\"elementor elementor-1621 elementor-523\" data-elementor-post-type=\"page\">\n\t\t\t\t\t\t<section class=\"elementor-section elementor-top-section elementor-element elementor-element-4e5f0ef elementor-section-boxed elementor-section-height-default elementor-section-height-default\" data-id=\"4e5f0ef\" data-element_type=\"section\" data-e-type=\"section\">\n\t\t\t\t\t\t<div class=\"elementor-container elementor-column-gap-default\">\n\t\t\t\t\t<div class=\"elementor-column elementor-col-100 elementor-top-column elementor-element elementor-element-3b70ce1\" data-id=\"3b70ce1\" data-element_type=\"column\" data-e-type=\"column\">\n\t\t\t<div class=\"elementor-widget-wrap elementor-element-populated\">\n\t\t\t\t\t\t<div class=\"elementor-element elementor-element-1d48dad elementor-widget elementor-widget-heading\" data-id=\"1d48dad\" data-element_type=\"widget\" data-e-type=\"widget\" data-widget_type=\"heading.default\">\n\t\t\t\t<div class=\"elementor-widget-container\">\n\t\t\t\t\t<h2 class=\"elementor-heading-title elementor-size-default\">G\u00e9n\u00e9rer de l&rsquo;air comprim\u00e9<\/h2>\t\t\t\t<\/div>\n\t\t\t\t<\/div>\n\t\t\t\t\t<\/div>\n\t\t<\/div>\n\t\t\t\t\t<\/div>\n\t\t<\/section>\n\t\t\t\t<section class=\"elementor-section elementor-top-section elementor-element elementor-element-ec6405b elementor-section-boxed elementor-section-height-default elementor-section-height-default\" data-id=\"ec6405b\" data-element_type=\"section\" data-e-type=\"section\">\n\t\t\t\t\t\t<div class=\"elementor-container elementor-column-gap-default\">\n\t\t\t\t\t<div class=\"elementor-column elementor-col-100 elementor-top-column elementor-element elementor-element-8f24c89\" data-id=\"8f24c89\" data-element_type=\"column\" data-e-type=\"column\">\n\t\t\t<div class=\"elementor-widget-wrap elementor-element-populated\">\n\t\t\t\t\t\t<div class=\"elementor-element elementor-element-25d9a68 elementor-widget elementor-widget-heading\" data-id=\"25d9a68\" data-element_type=\"widget\" data-e-type=\"widget\" data-widget_type=\"heading.default\">\n\t\t\t\t<div class=\"elementor-widget-container\">\n\t\t\t\t\t<h3 class=\"elementor-heading-title elementor-size-default\">Compresseurs silencieux pour laboratoires et salles de production autonomes<\/h3>\t\t\t\t<\/div>\n\t\t\t\t<\/div>\n\t\t\t\t\t<\/div>\n\t\t<\/div>\n\t\t\t\t\t<\/div>\n\t\t<\/section>\n\t\t\t\t<section class=\"elementor-section elementor-top-section elementor-element elementor-element-1d58110 elementor-section-boxed elementor-section-height-default elementor-section-height-default\" data-id=\"1d58110\" data-element_type=\"section\" data-e-type=\"section\">\n\t\t\t\t\t\t<div class=\"elementor-container elementor-column-gap-default\">\n\t\t\t\t\t<div class=\"elementor-column elementor-col-100 elementor-top-column elementor-element elementor-element-4640335\" data-id=\"4640335\" data-element_type=\"column\" data-e-type=\"column\">\n\t\t\t<div class=\"elementor-widget-wrap elementor-element-populated\">\n\t\t\t\t\t\t<div class=\"elementor-element elementor-element-406a49c elementor-widget elementor-widget-text-editor\" data-id=\"406a49c\" data-element_type=\"widget\" data-e-type=\"widget\" data-widget_type=\"text-editor.default\">\n\t\t\t\t<div class=\"elementor-widget-container\">\n\t\t\t\t\t\t\t\t\t<p>Pour nos machines fonctionnant \u00e0 l\u2019air comprim\u00e9, telles que les machines \u00e0 sertir FERMPRESS, les boucheuses et les machines \u00e0 visser semi-automatiques, les \u00e9tiqueteuses, de l\u2019air comprim\u00e9 \u00e0 6 bar est n\u00e9cessaire.<br \/>\nL\u00e0 ou aucun r\u00e9seau d\u2019air comprim\u00e9 d\u2019au moins 6 bar n\u2019est disponible sur place, un compresseur est n\u00e9cessaire. Les compresseurs normaux sont tr\u00e8s bruyants lorsqu\u2019ils sont install\u00e9s sans isolation dans le local de production. Les compresseurs silencieux r\u00e9duisent consid\u00e9rablement la pollution sonore. Le fonctionnement g\u00e9n\u00e8re moins que 56 d\u00e9cibels.<\/p>\n\t\t\t\t\t\t\t\t<\/div>\n\t\t\t\t<\/div>\n\t\t\t\t\t<\/div>\n\t\t<\/div>\n\t\t\t\t\t<\/div>\n\t\t<\/section>\n\t\t\t\t<section class=\"elementor-section elementor-top-section elementor-element elementor-element-4d40dce elementor-section-boxed elementor-section-height-default elementor-section-height-default\" data-id=\"4d40dce\" data-element_type=\"section\" data-e-type=\"section\">\n\t\t\t\t\t\t<div class=\"elementor-container elementor-column-gap-default\">\n\t\t\t\t\t<div class=\"elementor-column elementor-col-100 elementor-top-column elementor-element elementor-element-dddb610\" data-id=\"dddb610\" data-element_type=\"column\" data-e-type=\"column\">\n\t\t\t<div class=\"elementor-widget-wrap elementor-element-populated\">\n\t\t\t\t\t\t<div class=\"elementor-element elementor-element-e94a9cc elementor-align-left elementor-widget elementor-widget-button\" data-id=\"e94a9cc\" data-element_type=\"widget\" data-e-type=\"widget\" data-widget_type=\"button.default\">\n\t\t\t\t<div class=\"elementor-widget-container\">\n\t\t\t\t\t\t\t\t\t<div class=\"elementor-button-wrapper\">\n\t\t\t\t\t<a class=\"elementor-button elementor-button-link elementor-size-sm\" href=\"https:\/\/synopac.ch\/fr\/kategorie\/machines-demballage\/compresseurs\/\">\n\t\t\t\t\t\t<span class=\"elementor-button-content-wrapper\">\n\t\t\t\t\t\t\t\t\t<span class=\"elementor-button-text\">Compresseurs<\/span>\n\t\t\t\t\t<\/span>\n\t\t\t\t\t<\/a>\n\t\t\t\t<\/div>\n\t\t\t\t\t\t\t\t<\/div>\n\t\t\t\t<\/div>\n\t\t\t\t\t<\/div>\n\t\t<\/div>\n\t\t\t\t\t<\/div>\n\t\t<\/section>\n\t\t\t\t<\/div>\n\t\t","protected":false},"excerpt":{"rendered":"<p>Compresseurs silencieux pour laboratoires et salles de production autonomes Pour nos machines fonctionnant \u00e0 l\u2019air comprim\u00e9, telles que les machines \u00e0 sertir FERMPRESS, les boucheuses et les machines \u00e0 visser semi-automatiques, les \u00e9tiqueteuses, de l\u2019air comprim\u00e9 \u00e0 6 bar est n\u00e9cessaire. L\u00e0 ou aucun r\u00e9seau d\u2019air comprim\u00e9 d\u2019au moins 6 bar n\u2019est disponible sur place, [&hellip;]<\/p>\n","protected":false},"author":1,"featured_media":0,"parent":1608,"menu_order":0,"comment_status":"closed","ping_status":"closed","template":"","meta":{"_acf_changed":false,"footnotes":""},"class_list":["post-1621","page","type-page","status-publish","hentry"],"acf":[],"_links":{"self":[{"href":"https:\/\/synopac.ch\/fr\/wp-json\/wp\/v2\/pages\/1621","targetHints":{"allow":["GET"]}}],"collection":[{"href":"https:\/\/synopac.ch\/fr\/wp-json\/wp\/v2\/pages"}],"about":[{"href":"https:\/\/synopac.ch\/fr\/wp-json\/wp\/v2\/types\/page"}],"author":[{"embeddable":true,"href":"https:\/\/synopac.ch\/fr\/wp-json\/wp\/v2\/users\/1"}],"replies":[{"embeddable":true,"href":"https:\/\/synopac.ch\/fr\/wp-json\/wp\/v2\/comments?post=1621"}],"version-history":[{"count":6,"href":"https:\/\/synopac.ch\/fr\/wp-json\/wp\/v2\/pages\/1621\/revisions"}],"predecessor-version":[{"id":1998,"href":"https:\/\/synopac.ch\/fr\/wp-json\/wp\/v2\/pages\/1621\/revisions\/1998"}],"up":[{"embeddable":true,"href":"https:\/\/synopac.ch\/fr\/wp-json\/wp\/v2\/pages\/1608"}],"wp:attachment":[{"href":"https:\/\/synopac.ch\/fr\/wp-json\/wp\/v2\/media?parent=1621"}],"curies":[{"name":"wp","href":"https:\/\/api.w.org\/{rel}","templated":true}]}}