{"id":1688,"date":"2022-03-07T16:07:35","date_gmt":"2022-03-07T15:07:35","guid":{"rendered":"https:\/\/synopac.novatask.biz\/protection-des-donnees\/"},"modified":"2022-12-13T14:09:45","modified_gmt":"2022-12-13T13:09:45","slug":"protection-des-donnees","status":"publish","type":"page","link":"https:\/\/synopac.ch\/fr\/protection-des-donnees\/","title":{"rendered":"Protection des donn\u00e9es"},"content":{"rendered":"\t\t<div data-elementor-type=\"wp-page\" data-elementor-id=\"1688\" class=\"elementor elementor-1688 elementor-346\" data-elementor-post-type=\"page\">\n\t\t\t\t\t\t<section class=\"elementor-section elementor-top-section elementor-element elementor-element-291c322 elementor-section-boxed elementor-section-height-default elementor-section-height-default\" data-id=\"291c322\" data-element_type=\"section\" data-e-type=\"section\">\n\t\t\t\t\t\t<div class=\"elementor-container elementor-column-gap-default\">\n\t\t\t\t\t<div class=\"elementor-column elementor-col-100 elementor-top-column elementor-element elementor-element-8163611\" data-id=\"8163611\" data-element_type=\"column\" data-e-type=\"column\">\n\t\t\t<div class=\"elementor-widget-wrap elementor-element-populated\">\n\t\t\t\t\t\t<div class=\"elementor-element elementor-element-2bd31e8 elementor-widget elementor-widget-heading\" data-id=\"2bd31e8\" data-element_type=\"widget\" data-e-type=\"widget\" data-widget_type=\"heading.default\">\n\t\t\t\t<div class=\"elementor-widget-container\">\n\t\t\t\t\t<h2 class=\"elementor-heading-title elementor-size-default\">Protection des donn\u00e9es<\/h2>\t\t\t\t<\/div>\n\t\t\t\t<\/div>\n\t\t\t\t\t<\/div>\n\t\t<\/div>\n\t\t\t\t\t<\/div>\n\t\t<\/section>\n\t\t\t\t<section class=\"elementor-section elementor-top-section elementor-element elementor-element-d92f9a0 elementor-section-boxed elementor-section-height-default elementor-section-height-default\" data-id=\"d92f9a0\" data-element_type=\"section\" data-e-type=\"section\">\n\t\t\t\t\t\t<div class=\"elementor-container elementor-column-gap-default\">\n\t\t\t\t\t<div class=\"elementor-column elementor-col-100 elementor-top-column elementor-element elementor-element-e1479f9\" data-id=\"e1479f9\" data-element_type=\"column\" data-e-type=\"column\">\n\t\t\t<div class=\"elementor-widget-wrap elementor-element-populated\">\n\t\t\t\t\t\t<div class=\"elementor-element elementor-element-5a1680c elementor-widget elementor-widget-text-editor\" data-id=\"5a1680c\" data-element_type=\"widget\" data-e-type=\"widget\" data-widget_type=\"text-editor.default\">\n\t\t\t\t<div class=\"elementor-widget-container\">\n\t\t\t\t\t\t\t\t\t<p>La protection de votre vie priv\u00e9e et de vos donn\u00e9es personnelles sont tr\u00e8s importantes pour nous. Pour toutes les op\u00e9rations de traitement des donn\u00e9es (p. ex : collecte, traitement et transmission), nous proc\u00e9dons conform\u00e9ment aux dispositions l\u00e9gales.<\/p>\n<p>Nous pouvons \u00e0 tout moment adapter notre d\u00e9claration de confidentialit\u00e9 en la publiant sur ce site<\/p>\n<p>L\u2019acc\u00e8s \u00e0 notre site web d\u2019effectue au moyen du cryptage en transit (SSL \/ TLS)<\/p>\n<p>L\u2019utilisation de notre site web est en principe possible sans aucune indication de donn\u00e9es personnelles. Si vous souhaitez utiliser des prestations de service via notre site web, le traitement de donn\u00e9es \u00e0 caract\u00e8re personnel pourrait toutefois s\u2019av\u00e9rer n\u00e9cessaire. Vos donn\u00e9es sont \u00e9galement collect\u00e9es lorsque vous nous les communiquez. Nous traitons les donn\u00e9es personnelles pour la dur\u00e9e n\u00e9cessaire \u00e0 l\u2019objectif ou aux objectifs en question. Ces donn\u00e9es sont en partie transmises \u00e0 des tiers conform\u00e9ment \u00e0 la pr\u00e9sente d\u00e9claration de protection des donn\u00e9es.<\/p>\n\t\t\t\t\t\t\t\t<\/div>\n\t\t\t\t<\/div>\n\t\t\t\t\t<\/div>\n\t\t<\/div>\n\t\t\t\t\t<\/div>\n\t\t<\/section>\n\t\t\t\t<section class=\"elementor-section elementor-top-section elementor-element elementor-element-45b3866 elementor-section-boxed elementor-section-height-default elementor-section-height-default\" data-id=\"45b3866\" data-element_type=\"section\" data-e-type=\"section\">\n\t\t\t\t\t\t<div class=\"elementor-container elementor-column-gap-default\">\n\t\t\t\t\t<div class=\"elementor-column elementor-col-100 elementor-top-column elementor-element elementor-element-9639525\" data-id=\"9639525\" data-element_type=\"column\" data-e-type=\"column\">\n\t\t\t<div class=\"elementor-widget-wrap elementor-element-populated\">\n\t\t\t\t\t\t<div class=\"elementor-element elementor-element-5e8acb1 elementor-widget elementor-widget-heading\" data-id=\"5e8acb1\" data-element_type=\"widget\" data-e-type=\"widget\" data-widget_type=\"heading.default\">\n\t\t\t\t<div class=\"elementor-widget-container\">\n\t\t\t\t\t<h3 class=\"elementor-heading-title elementor-size-default\">Traitement des donn\u00e9es personnelles<\/h3>\t\t\t\t<\/div>\n\t\t\t\t<\/div>\n\t\t\t\t<div class=\"elementor-element elementor-element-c797dc1 elementor-widget elementor-widget-text-editor\" data-id=\"c797dc1\" data-element_type=\"widget\" data-e-type=\"widget\" data-widget_type=\"text-editor.default\">\n\t\t\t\t<div class=\"elementor-widget-container\">\n\t\t\t\t\t\t\t\t\t<p>Les donn\u00e9es personnelles sont toutes les donn\u00e9es qui se rapportent \u00e0 une personne identifi\u00e9e ou identifiable. Une personne concern\u00e9e est une personne au sujet de laquelle des donn\u00e9es personnelles sont trait\u00e9es. Le traitement comprend toute manipulation de donn\u00e9es personnelles, quels que soient les moyens et proc\u00e9d\u00e9s utilis\u00e9s, notamment la conversation, la communication, la collecte, l\u2019effacement, la sauvegarde, la modification, la destruction et l\u2019utilisation de donn\u00e9es personnelles.<\/p>\n<p>Nous traitons les donn\u00e9es personnelles en conformit\u00e9 avec le droit Suisse de la protection des donn\u00e9es. Par ailleurs, nous traitons &#8211; dans la mesure ou le RGPD est applicable &#8211; les donn\u00e9es personnelles conform\u00e9ment aux bases juridiques suivantes\u00a0:<\/p>\n<ul>\n<li>6 al. 1 let. \u00e0 RGPD pour le traitement des donn\u00e9es personnelles avec le consentement de la personne concern\u00e9e.<\/li>\n<li>6 al. 1 let. b RGPD pour le traitement n\u00e9cessaire des donn\u00e9es personnelles en vue de l&rsquo;ex\u00e9cution d&rsquo;un contrat avec la personne concern\u00e9e ainsi que pour l&rsquo;ex\u00e9cution de mesures pr\u00e9contractuelles correspondantes.<\/li>\n<li>6, al. 1, let. c RGPD pour le traitement n\u00e9cessaire de donn\u00e9es personnelles afin de remplir une obligation l\u00e9gale \u00e0 laquelle nous sommes soumis conform\u00e9ment au droit \u00e9ventuellement applicable de l&rsquo;UE ou conform\u00e9ment au droit \u00e9ventuellement applicable d&rsquo;un pays dans lequel le RGPD est enti\u00e8rement ou partiellement applicable.<\/li>\n<li>6, alin\u00e9a 1, let. d du RGPD pour le traitement n\u00e9cessaire de donn\u00e9es personnelles afin de prot\u00e9ger les int\u00e9r\u00eats vitaux de la personne concern\u00e9e ou d&rsquo;une autre personne physique.<\/li>\n<li>6, paragraphe 1, point f, du RGPD pour le traitement n\u00e9cessaire des donn\u00e9es personnelles afin de sauvegarder nos int\u00e9r\u00eats l\u00e9gitimes ou ceux de tiers, dans la mesure o\u00f9 les libert\u00e9s et droits fondamentaux ainsi que les int\u00e9r\u00eats de la personne concern\u00e9e ne pr\u00e9valent pas. Les int\u00e9r\u00eats l\u00e9gitimes sont notamment notre int\u00e9r\u00eat commercial \u00e0 pouvoir mettre \u00e0 disposition nos sites web, la s\u00e9curit\u00e9 de l&rsquo;information, l&rsquo;application de nos propres droits l\u00e9gaux et le respect du droit suisse.<\/li>\n<\/ul>\n<p>Nous traitons les donn\u00e9es personnelles pendant la dur\u00e9e n\u00e9cessaire \u00e0 l&rsquo;objectif ou aux objectifs en question. En cas d&rsquo;obligation de conservation plus longue en raison d&rsquo;obligations l\u00e9gales ou autres auxquelles nous sommes soumis, nous limitons le traitement en cons\u00e9quence.<\/p>\n<p>&nbsp;<\/p>\n\t\t\t\t\t\t\t\t<\/div>\n\t\t\t\t<\/div>\n\t\t\t\t\t<\/div>\n\t\t<\/div>\n\t\t\t\t\t<\/div>\n\t\t<\/section>\n\t\t\t\t<section class=\"elementor-section elementor-top-section elementor-element elementor-element-f01cdcb elementor-section-boxed elementor-section-height-default elementor-section-height-default\" data-id=\"f01cdcb\" data-element_type=\"section\" data-e-type=\"section\">\n\t\t\t\t\t\t<div class=\"elementor-container elementor-column-gap-default\">\n\t\t\t\t\t<div class=\"elementor-column elementor-col-100 elementor-top-column elementor-element elementor-element-c19606b\" data-id=\"c19606b\" data-element_type=\"column\" data-e-type=\"column\">\n\t\t\t<div class=\"elementor-widget-wrap elementor-element-populated\">\n\t\t\t\t\t\t<div class=\"elementor-element elementor-element-a7b2fd2 elementor-widget elementor-widget-heading\" data-id=\"a7b2fd2\" data-element_type=\"widget\" data-e-type=\"widget\" data-widget_type=\"heading.default\">\n\t\t\t\t<div class=\"elementor-widget-container\">\n\t\t\t\t\t<h3 class=\"elementor-heading-title elementor-size-default\">Cookies<\/h3>\t\t\t\t<\/div>\n\t\t\t\t<\/div>\n\t\t\t\t<div class=\"elementor-element elementor-element-0af4a23 elementor-widget elementor-widget-text-editor\" data-id=\"0af4a23\" data-element_type=\"widget\" data-e-type=\"widget\" data-widget_type=\"text-editor.default\">\n\t\t\t\t<div class=\"elementor-widget-container\">\n\t\t\t\t\t\t\t\t\t<p>Le site Internet utilise des cookies. Les cookies n\u2019endommagent pas votre ordinateur et ne contiennent pas de virus. Les cookies servent \u00e0 rendre notre offre plus conviviale, plus efficace et plus s\u00fbre. Les cookies sont de petits fichiers texte qui sont d\u00e9pos\u00e9s sur votre ordinateur et que votre navigateur enregistre.<\/p>\n<p>La plupart des cookies que nous utlisons sont des cookies de session. Ils sont automatiquement supprim\u00e9s \u00e0 la fin de votre visite. D\u2019aitres cookies restent enregistr\u00e9s sur votre terminal jusqu\u2019\u00e0 ce que vous les supprimiez. Ces cookies nous permettent de reconna\u00eetre votre navigateur lors de votre prochaine visite.<\/p>\n<p>Vous pouvez configurer votre navigateur de mani\u00e8re \u00e0 \u00eatre inform\u00e9 de l\u2019installation de cookies et \u00e0 n\u2019autoriser les cookies qu\u2019au cas par cas, \u00e0 exclure l\u2019acceptation de cookies dans certains cas de mani\u00e8re g\u00e9n\u00e9rale, et \u00e0 activer la suppression automatique des cookies \u00e0 la fermeture du navigateur. En cas de d\u00e9sactivation des cookies, la fonctionnalit\u00e9 de ce site web peut \u00eatre limit\u00e9e.<\/p>\n\t\t\t\t\t\t\t\t<\/div>\n\t\t\t\t<\/div>\n\t\t\t\t\t<\/div>\n\t\t<\/div>\n\t\t\t\t\t<\/div>\n\t\t<\/section>\n\t\t\t\t<section class=\"elementor-section elementor-top-section elementor-element elementor-element-09b15f7 elementor-section-boxed elementor-section-height-default elementor-section-height-default\" data-id=\"09b15f7\" data-element_type=\"section\" data-e-type=\"section\">\n\t\t\t\t\t\t<div class=\"elementor-container elementor-column-gap-default\">\n\t\t\t\t\t<div class=\"elementor-column elementor-col-100 elementor-top-column elementor-element elementor-element-4cd9d87\" data-id=\"4cd9d87\" data-element_type=\"column\" data-e-type=\"column\">\n\t\t\t<div class=\"elementor-widget-wrap elementor-element-populated\">\n\t\t\t\t\t\t<div class=\"elementor-element elementor-element-373948e elementor-widget elementor-widget-heading\" data-id=\"373948e\" data-element_type=\"widget\" data-e-type=\"widget\" data-widget_type=\"heading.default\">\n\t\t\t\t<div class=\"elementor-widget-container\">\n\t\t\t\t\t<h3 class=\"elementor-heading-title elementor-size-default\">Formulaires<\/h3>\t\t\t\t<\/div>\n\t\t\t\t<\/div>\n\t\t\t\t<div class=\"elementor-element elementor-element-f935f90 elementor-widget elementor-widget-text-editor\" data-id=\"f935f90\" data-element_type=\"widget\" data-e-type=\"widget\" data-widget_type=\"text-editor.default\">\n\t\t\t\t<div class=\"elementor-widget-container\">\n\t\t\t\t\t\t\t\t\t<p>Des formulaires peuvent \u00eatre remplis sur notre site web. Nous enregistrons les donn\u00e9es que les visiteurs de notre site web saisissent eux-m\u00eames. Nous pouvons \u00e9galement enregistrer l&rsquo;adresse IP, l&rsquo;heure et la date afin de lutter contre les abus, notamment l&rsquo;usurpation d&rsquo;identit\u00e9 et le spam.<\/p>\n\t\t\t\t\t\t\t\t<\/div>\n\t\t\t\t<\/div>\n\t\t\t\t\t<\/div>\n\t\t<\/div>\n\t\t\t\t\t<\/div>\n\t\t<\/section>\n\t\t\t\t<section class=\"elementor-section elementor-top-section elementor-element elementor-element-ded80d8 elementor-section-boxed elementor-section-height-default elementor-section-height-default\" data-id=\"ded80d8\" data-element_type=\"section\" data-e-type=\"section\">\n\t\t\t\t\t\t<div class=\"elementor-container elementor-column-gap-default\">\n\t\t\t\t\t<div class=\"elementor-column elementor-col-100 elementor-top-column elementor-element elementor-element-54159bc\" data-id=\"54159bc\" data-element_type=\"column\" data-e-type=\"column\">\n\t\t\t<div class=\"elementor-widget-wrap elementor-element-populated\">\n\t\t\t\t\t\t<div class=\"elementor-element elementor-element-3fa26b6 elementor-widget elementor-widget-heading\" data-id=\"3fa26b6\" data-element_type=\"widget\" data-e-type=\"widget\" data-widget_type=\"heading.default\">\n\t\t\t\t<div class=\"elementor-widget-container\">\n\t\t\t\t\t<h3 class=\"elementor-heading-title elementor-size-default\">Services de tiers<\/h3>\t\t\t\t<\/div>\n\t\t\t\t<\/div>\n\t\t\t\t<div class=\"elementor-element elementor-element-cb0c454 elementor-widget elementor-widget-text-editor\" data-id=\"cb0c454\" data-element_type=\"widget\" data-e-type=\"widget\" data-widget_type=\"text-editor.default\">\n\t\t\t\t<div class=\"elementor-widget-container\">\n\t\t\t\t\t\t\t\t\t<p>Google Maps est utilis\u00e9 pour l&rsquo;int\u00e9gration de cartes et Google Fonts pour l&rsquo;int\u00e9gration de polices web. Les services de Google Inc. utilisent des cookies et les informations g\u00e9n\u00e9r\u00e9es par le cookie concernant votre utilisation de ce site web sont g\u00e9n\u00e9ralement transmises \u00e0 un serveur de Google aux \u00c9tats-Unis et y sont enregistr\u00e9es. Pour plus d&rsquo;informations, veuillez consulter la d\u00e9claration de confidentialit\u00e9 de Google.<\/p>\n<p>Si votre navigateur ne supporte pas les polices web, une police standard de votre ordinateur sera affich\u00e9e \u00e0 la place.<\/p>\n<p>Le site web est h\u00e9berg\u00e9 par Infomaniak Network AG. Le fournisseur du site web collecte et enregistre automatiquement des informations dans ce que l&rsquo;on appelle des fichiers journaux du serveur, que votre navigateur nous transmet automatiquement. Il s&rsquo;agit de : Adresse IP, type et version du navigateur, syst\u00e8me d&rsquo;exploitation utilis\u00e9, URL de r\u00e9f\u00e9rence, nom d&rsquo;h\u00f4te de l&rsquo;ordinateur acc\u00e9dant au site et heure de la demande du serveur.<\/p>\n<p>Ces donn\u00e9es ne peuvent pas \u00eatre directement attribu\u00e9es \u00e0 une personne en particulier.<\/p>\n\t\t\t\t\t\t\t\t<\/div>\n\t\t\t\t<\/div>\n\t\t\t\t\t<\/div>\n\t\t<\/div>\n\t\t\t\t\t<\/div>\n\t\t<\/section>\n\t\t\t\t<section class=\"elementor-section elementor-top-section elementor-element elementor-element-dee9970 elementor-section-boxed elementor-section-height-default elementor-section-height-default\" data-id=\"dee9970\" data-element_type=\"section\" data-e-type=\"section\">\n\t\t\t\t\t\t<div class=\"elementor-container elementor-column-gap-default\">\n\t\t\t\t\t<div class=\"elementor-column elementor-col-100 elementor-top-column elementor-element elementor-element-a3ecb39\" data-id=\"a3ecb39\" data-element_type=\"column\" data-e-type=\"column\">\n\t\t\t<div class=\"elementor-widget-wrap elementor-element-populated\">\n\t\t\t\t\t\t<div class=\"elementor-element elementor-element-7906700 elementor-widget elementor-widget-heading\" data-id=\"7906700\" data-element_type=\"widget\" data-e-type=\"widget\" data-widget_type=\"heading.default\">\n\t\t\t\t<div class=\"elementor-widget-container\">\n\t\t\t\t\t<h3 class=\"elementor-heading-title elementor-size-default\">Transmission des donn\u00e9es \u00e0 des tiers<\/h3>\t\t\t\t<\/div>\n\t\t\t\t<\/div>\n\t\t\t\t<div class=\"elementor-element elementor-element-7239095 elementor-widget elementor-widget-text-editor\" data-id=\"7239095\" data-element_type=\"widget\" data-e-type=\"widget\" data-widget_type=\"text-editor.default\">\n\t\t\t\t<div class=\"elementor-widget-container\">\n\t\t\t\t\t\t\t\t\t<p>Les donn\u00e9es ne sont transmises \u00e0 des tiers en dehors du groupe Artopac que si cela est n\u00e9cessaire, si une disposition l\u00e9gale l\u2019impose, si vous avez donn\u00e9 votre accord ou si les sous-traitants que nous avons mandat\u00e9s se sont engag\u00e9s contractuellement \u00e0 respecter les dispositions du RGPD. Dans ces conditions, des prestataires de services externes peuvent \u00eatre destinataires de donn\u00e9es \u00e0 caract\u00e8re personnel. Cela peut notamment \u00eatre n\u00e9cessaire pour l\u2019ex\u00e9cution du contrat (\u00e9galement en dehors du site web), notamment pour le traitement de votre commande.<\/p>\n\t\t\t\t\t\t\t\t<\/div>\n\t\t\t\t<\/div>\n\t\t\t\t\t<\/div>\n\t\t<\/div>\n\t\t\t\t\t<\/div>\n\t\t<\/section>\n\t\t\t\t<section class=\"elementor-section elementor-top-section elementor-element elementor-element-f4ca786 elementor-section-boxed elementor-section-height-default elementor-section-height-default\" data-id=\"f4ca786\" data-element_type=\"section\" data-e-type=\"section\">\n\t\t\t\t\t\t<div class=\"elementor-container elementor-column-gap-default\">\n\t\t\t\t\t<div class=\"elementor-column elementor-col-100 elementor-top-column elementor-element elementor-element-5830820\" data-id=\"5830820\" data-element_type=\"column\" data-e-type=\"column\">\n\t\t\t<div class=\"elementor-widget-wrap elementor-element-populated\">\n\t\t\t\t\t\t<div class=\"elementor-element elementor-element-596051e elementor-widget elementor-widget-heading\" data-id=\"596051e\" data-element_type=\"widget\" data-e-type=\"widget\" data-widget_type=\"heading.default\">\n\t\t\t\t<div class=\"elementor-widget-container\">\n\t\t\t\t\t<h3 class=\"elementor-heading-title elementor-size-default\">Droits des personnes concern\u00e9es<\/h3>\t\t\t\t<\/div>\n\t\t\t\t<\/div>\n\t\t\t\t<div class=\"elementor-element elementor-element-ee715bd elementor-widget elementor-widget-text-editor\" data-id=\"ee715bd\" data-element_type=\"widget\" data-e-type=\"widget\" data-widget_type=\"text-editor.default\">\n\t\t\t\t<div class=\"elementor-widget-container\">\n\t\t\t\t\t\t\t\t\t<p>Les visiteurs de nos pages web ainsi que les autres personnes au sujet desquelles nous traitons des donn\u00e9es personnelles peuvent demander gratuitement la confirmation que des donn\u00e9es personnelles sont trait\u00e9es par nos soins et, dans l&rsquo;affirmative, des informations sur notre traitement de leurs donn\u00e9es personnelles, faire limiter le traitement de leurs donn\u00e9es personnelles, exercer leur droit \u00e0 la portabilit\u00e9 des donn\u00e9es &#8211; si et dans la mesure o\u00f9 le RGPD est applicable -, faire rectifier, effacer (\u00ab\u00a0droit \u00e0 l&rsquo;oubli\u00a0\u00bb) ou bloquer leurs donn\u00e9es personnelles, r\u00e9voquer les consentements donn\u00e9s et s&rsquo;opposer au traitement de leurs donn\u00e9es personnelles.<\/p>\n<p>Les personnes au sujet desquelles nous traitons des donn\u00e9es personnelles disposent d&rsquo;un droit de recours aupr\u00e8s d&rsquo;une autorit\u00e9 de surveillance comp\u00e9tente en mati\u00e8re de protection des donn\u00e9es. L&rsquo;autorit\u00e9 de surveillance pour la protection des donn\u00e9es en Suisse est le Pr\u00e9pos\u00e9 f\u00e9d\u00e9ral \u00e0 la protection des donn\u00e9es et \u00e0 la transparence (PFPDT).<\/p>\n\t\t\t\t\t\t\t\t<\/div>\n\t\t\t\t<\/div>\n\t\t\t\t\t<\/div>\n\t\t<\/div>\n\t\t\t\t\t<\/div>\n\t\t<\/section>\n\t\t\t\t<section class=\"elementor-section elementor-top-section elementor-element elementor-element-17cd40a elementor-section-boxed elementor-section-height-default elementor-section-height-default\" data-id=\"17cd40a\" data-element_type=\"section\" data-e-type=\"section\">\n\t\t\t\t\t\t<div class=\"elementor-container elementor-column-gap-default\">\n\t\t\t\t\t<div class=\"elementor-column elementor-col-100 elementor-top-column elementor-element elementor-element-0a5b98a\" data-id=\"0a5b98a\" data-element_type=\"column\" data-e-type=\"column\">\n\t\t\t<div class=\"elementor-widget-wrap elementor-element-populated\">\n\t\t\t\t\t\t<div class=\"elementor-element elementor-element-e87f63e elementor-widget elementor-widget-heading\" data-id=\"e87f63e\" data-element_type=\"widget\" data-e-type=\"widget\" data-widget_type=\"heading.default\">\n\t\t\t\t<div class=\"elementor-widget-container\">\n\t\t\t\t\t<h3 class=\"elementor-heading-title elementor-size-default\">Adresse de contact<\/h3>\t\t\t\t<\/div>\n\t\t\t\t<\/div>\n\t\t\t\t<div class=\"elementor-element elementor-element-6d93231 elementor-widget elementor-widget-text-editor\" data-id=\"6d93231\" data-element_type=\"widget\" data-e-type=\"widget\" data-widget_type=\"text-editor.default\">\n\t\t\t\t<div class=\"elementor-widget-container\">\n\t\t\t\t\t\t\t\t\t<p>Les demandes des autorit\u00e9s de surveillance et des personnes concern\u00e9es peuvent \u00eatre envoy\u00e9es par e-mail ou par courrier :<\/p>\n<p>Synopac AG<br \/>\nLangenhagstrasse 3<br \/>\n4147 Aesch<\/p>\n<p><a href=\"mailto:info@synopac.ch\">info@synopac.ch<\/a><\/p>\n\t\t\t\t\t\t\t\t<\/div>\n\t\t\t\t<\/div>\n\t\t\t\t\t<\/div>\n\t\t<\/div>\n\t\t\t\t\t<\/div>\n\t\t<\/section>\n\t\t\t\t<\/div>\n\t\t","protected":false},"excerpt":{"rendered":"<p>Protection des donn\u00e9es La protection de votre vie priv\u00e9e et de vos donn\u00e9es personnelles sont tr\u00e8s importantes pour nous. Pour toutes les op\u00e9rations de traitement des donn\u00e9es (p. ex : collecte, traitement et transmission), nous proc\u00e9dons conform\u00e9ment aux dispositions l\u00e9gales. Nous pouvons \u00e0 tout moment adapter notre d\u00e9claration de confidentialit\u00e9 en la publiant sur ce [&hellip;]<\/p>\n","protected":false},"author":1,"featured_media":0,"parent":0,"menu_order":0,"comment_status":"closed","ping_status":"closed","template":"","meta":{"_acf_changed":false,"footnotes":""},"class_list":["post-1688","page","type-page","status-publish","hentry"],"acf":[],"_links":{"self":[{"href":"https:\/\/synopac.ch\/fr\/wp-json\/wp\/v2\/pages\/1688","targetHints":{"allow":["GET"]}}],"collection":[{"href":"https:\/\/synopac.ch\/fr\/wp-json\/wp\/v2\/pages"}],"about":[{"href":"https:\/\/synopac.ch\/fr\/wp-json\/wp\/v2\/types\/page"}],"author":[{"embeddable":true,"href":"https:\/\/synopac.ch\/fr\/wp-json\/wp\/v2\/users\/1"}],"replies":[{"embeddable":true,"href":"https:\/\/synopac.ch\/fr\/wp-json\/wp\/v2\/comments?post=1688"}],"version-history":[{"count":1,"href":"https:\/\/synopac.ch\/fr\/wp-json\/wp\/v2\/pages\/1688\/revisions"}],"predecessor-version":[{"id":1689,"href":"https:\/\/synopac.ch\/fr\/wp-json\/wp\/v2\/pages\/1688\/revisions\/1689"}],"wp:attachment":[{"href":"https:\/\/synopac.ch\/fr\/wp-json\/wp\/v2\/media?parent=1688"}],"curies":[{"name":"wp","href":"https:\/\/api.w.org\/{rel}","templated":true}]}}